{"id":3697,"date":"2021-11-03T18:17:42","date_gmt":"2021-11-03T17:17:42","guid":{"rendered":"http:\/\/subbiocode.net\/?page_id=3697"},"modified":"2021-11-26T18:21:29","modified_gmt":"2021-11-26T17:21:29","slug":"internship-opportunity","status":"publish","type":"page","link":"https:\/\/subbiocode.net\/bs\/internship-opportunity\/","title":{"rendered":"Prilika za sta\u017eiranje!"},"content":{"rendered":"<p class=\"has-medium-font-size\"><strong><span class=\"has-inline-color\" style=\"color: #83bf41;\">ZAKLJU\u010cENO<\/span><\/strong><\/p>\n<p class=\"has-medium-font-size\"><strong><span class=\"has-inline-color\" style=\"color: #83bf41;\">Sa zadovoljstvom najavljujemo dvije mogu\u010dnosti sta\u017eiranja na podru\u010dju speleobiologije!<\/span><\/strong><\/p>\nKao dio <strong>SubBIOCODE<\/strong> projekta, nudimo jedinstvenu mogu\u0107nost visoko motiviranim studentima, znanstvenicima na po\u010detku karijere ili istra\u017eiva\u010dima na podru\u010dju za\u0161tite prirode iz <strong>Bosne i Hercegovine<\/strong>, da posjete SubBioLab u <strong>sije\u010dnju 2022<\/strong> i pridobiju vje\u0161tine potrebne u<strong> za\u0161titi prirode, to jest na podru\u010dju podzemne biologije<\/strong>: izvo\u0111enje terenskog rada, taksonomija izabranih skupina organizama, analiza uzoraka bioraznolikosti, molekularne analize i studije ekologije podzemnih \u017eivotinja.\n\n<!-- \/wp:paragraph -->\n\n<!-- wp:heading {\"level\":3} -->\n<h3>O \u010demu je zapravo rije\u010d?<\/h3>\n<!-- \/wp:heading -->\n\n<!-- wp:paragraph -->Osnovni cilj sta\u017eiranja je <strong>educirati i uputiti<\/strong> izabrane kandidate u razli\u010dita podru\u010dja <strong>speleobiologije<\/strong>. Program mo\u017ee sadr\u017eavati sljede\u0107e teme:\n\n<!-- wp:list -->\n<ul>\n \t<li>terenski rad u \u0161piljama i upoznavanje s razli\u010ditim tehnikama uzorkovanja u praksi;<\/li>\n \t<li>identifikacija izabranih grupa organizama s produbljivanjem taksonomskog znanja;<\/li>\n \t<li>laboratorijske molekularne tehnike i filogenetske analize;<\/li>\n \t<li>baze podataka, mapiranje ra\u0161irenosti s GIS programima i prostorske analize;<\/li>\n \t<li>zdru\u017eivanje poznavanja ra\u0161irenosti vrsta s planiranjem strategija za\u0161tite.<\/li>\n<\/ul>\n<!-- \/wp:list -->\n\n<!-- wp:paragraph -->Predla\u017eemo gore navedeni program, ali ne isklju\u0107ujemo mogu\u0107nost prilagodbe interesima potencialnih kandidata. Kandidati \u0107e biti upleteni u zada\u0107e SubBIOCODE projekta, s primjerima koji \u0107e se odnositi na projektno podru\u010dje &#8211; porje\u010dje rijeke Trebi\u0161njice u JI Bosni i Hercegovini.\n\n<!-- \/wp:paragraph -->\n\n<!-- wp:heading {\"level\":3} -->\n<h3>Za\u0161to se prijaviti?<\/h3>\n<!-- \/wp:heading -->\n\n<!-- wp:paragraph -->Cilj sta\u017eiranja je dobiti vje\u0161tine potrebne za rad na <strong>podru\u010dju podzemne biologije<\/strong>. Neposrednim uklju\u010divanjem studenata u program omogu\u0107it \u0107e upoznavanje s <strong>najnovijim metodama istra\u017eivanja<\/strong>, primjenjivim u razli\u010ditim podru\u010djima biologije. Predvi\u0111ene tehnike primjenjive su op\u0107enito u biologiji i mogu <strong>nude dobru osnovu za budu\u0107u karieru<\/strong>.\n\n<!-- \/wp:paragraph -->\n\n<!-- wp:paragraph -->Prilikom posjeta SubBioLab-u, upoznati \u010de\u0161 stru\u010dnjake s bogatim iskustvom i poznavanjem dinarske podzemne faune te dobiti mogu\u0107nost<strong> ra\u0161iriti svoju profesionalnu mre\u017eu poznanstava<\/strong>.\n\n<!-- \/wp:paragraph -->\n\n<!-- wp:heading {\"level\":3} -->\n<h3>Gdje i kada?<\/h3>\nSta\u017eiranje \u0107e biti izvedeno u <span style=\"color: #40bfba;\"><strong>Ljubljani, Slovenija<\/strong><\/span>, u prostorima SubBioLab-a &#8211; istra\u017eiva\u010dke grupe koja djeluje unutar Odjeljenja za Biologiju, Biotehni\u010dkog fakulteta, Sveu\u010dili\u0161ta u Ljubljani. Sta\u017eiranje planiramo zapo\u010deti u <span style=\"color: #40bfba;\"><strong>sije\u010dnju 2022<\/strong><\/span> i predvi\u0111eno je trajanje od mjesec dana, uz mogu\u0107nost manjih promjena.\n\n<!-- \/wp:paragraph -->\n\n<!-- wp:heading {\"level\":3} -->\n<h3>Tro\u0161kovi<\/h3>\n<span style=\"color: #40bfba;\"><strong>Tro\u0161kovi sta\u017eiranja<\/strong><\/span>, uklju\u010duju\u0107i i smje\u0161taj u Ljubljani, <span style=\"color: #40bfba;\"><strong>pokriveni su s na\u0161e strane<\/strong>.<\/span>\n\n<!-- \/wp:paragraph -->\n\n<!-- wp:heading {\"level\":3} -->\n<h3>Zahtjevi<\/h3>\n<!-- \/wp:heading -->\u00a0<strong>Dr\u017eavljanstvo Bosne i Hercegovine<\/strong>, prednost \u010de imati kandidati koji dolaze iz ili u blizini <a href=\"https:\/\/www.google.com\/maps\/d\/viewer?mid=1EUJZpVR0YU86wSUi_eY2OpBDnG2XSwKl&#038;ll=43.04423426405211%2C18.03087368228633&#038;z=9\">projektnog podru\u010dja<\/a> (Porje\u010dje rijeke Trebi\u0161njice u jugoisto\u010dnoj BIH)\n<ul>\n \t<li>visoka motiviranost i zainteresiranost za ponu\u0111ene teme<\/li>\n \t<li>prednost imaju kandidati s obrazovanjem na podru\u010dju biologije<\/li>\n \t<li>zanimanje za podzemnu biologiju<\/li>\n \t<li>poznavanje osnova engleskog jezika.<\/li>\n<\/ul>\n<!-- \/wp:list -->\n\n<!-- wp:heading {\"level\":3} -->\n<h3>Kako se prijaviti<\/h3>\n<!-- \/wp:heading -->\n\n<!-- wp:paragraph -->Svoju prijavu na engleskom jeziku ili materinjem jeziku po\u0161ljite na <a href=\"mailto:subbiocode@gmail.com\">subbiocode@gmail.com<\/a>. Prijava mora uklju\u010divati informacije o obrazovanju, \u017eivotopis i kratko motivacijsko pismo s izra\u017eenim interesima i o\u010dekivanjima o sta\u017eiranju. <span style=\"color: #40bfba;\"><strong>Rok za prijave isti\u010de 25. studenog 2021!<\/strong><\/span>\n\n<!-- \/wp:paragraph -->\n\n<!-- wp:paragraph -->Prijave \u0107emo provjeriti do 30. studenog 2021 te izabrane prijavitelje pozvati na online razgovor.\n\n<!-- \/wp:paragraph -->\n\n<!-- wp:heading {\"level\":3} -->\n<h3>O projektu koji omogu\u010dava sta\u017eiranje<\/h3>\n<!-- \/wp:heading -->\n\n<!-- wp:paragraph -->Sta\u017eiranje je omogu\u010deno projektom SubBIOCODE -\u201drazvoj novih oru\u0111a za brzu procjenu podzemnog biodiverziteta u Bosni i Hercegovini\u201d, kojeg financira <a href=\"http:\/\/www.cepf.net\">Critical Ecosystem Partnership Fund<\/a>. Projekt nastoji povezati podatke o podzemnoj fauni i pobolj\u0161ati njihovu dostupnost, uvesti molekularne pristupe za br\u017eu identifikaciju vrsta, postaviti prioritete za za\u0161titu i pove\u010dati znanja za\u0161titnika prirode na podru\u010dju jugoisto\u010dne BIH. Vi\u0161e o projektu mo\u017eete pro\u010ditati <a href=\"http:\/\/subbiocode.net\/\">ovdje<\/a>.\n\n<!-- \/wp:paragraph -->\n\n<!-- wp:heading {\"level\":3} -->\n<h3>O nama<\/h3>\n<!-- \/wp:heading -->\n\n<!-- wp:paragraph -->Sve detalje o laboratoriju ugostitelju\u00a0 &#8211; SubBioLab, mo\u017eete prona\u0107i na <a href=\"https:\/\/www.subbio.net\/\">https:\/\/www.subbio.net\/<\/a> ili <a href=\"https:\/\/www.facebook.com\/subbiolab.slovenia\">https:\/\/www.facebook.com\/subbiolab.slovenia<\/a>\n\n<!-- \/wp:paragraph -->","protected":false},"excerpt":{"rendered":"<p>ZAKLJU\u010cENO Sa zadovoljstvom najavljujemo dvije mogu\u010dnosti sta\u017eiranja na podru\u010dju speleobiologije! Kao dio SubBIOCODE projekta, nudimo jedinstvenu mogu\u0107nost visoko motiviranim studentima, znanstvenicima na po\u010detku karijere ili istra\u017eiva\u010dima na podru\u010dju za\u0161tite prirode iz Bosne i Hercegovine, da posjete SubBioLab u sije\u010dnju 2022 i pridobiju vje\u0161tine potrebne u za\u0161titi prirode, to jest na&hellip;<\/p>\n","protected":false},"author":3,"featured_media":0,"parent":0,"menu_order":0,"comment_status":"closed","ping_status":"closed","template":"","meta":[],"yoast_head":"<!-- This site is optimized with the Yoast SEO plugin v17.6 - https:\/\/yoast.com\/wordpress\/plugins\/seo\/ -->\r\n<title>Prilika za sta\u017eiranje! - SubBioCode<\/title>\r\n<meta name=\"robots\" content=\"index, follow, max-snippet:-1, max-image-preview:large, max-video-preview:-1\" \/>\r\n<link rel=\"canonical\" href=\"https:\/\/subbiocode.net\/internship-opportunity\/\" \/>\r\n<meta property=\"og:locale\" content=\"bs_BA\" \/>\r\n<meta property=\"og:type\" content=\"article\" \/>\r\n<meta property=\"og:title\" content=\"Prilika za sta\u017eiranje!\" \/>\r\n<meta property=\"og:description\" content=\"ZAKLJU\u010cENO Sa zadovoljstvom najavljujemo dvije mogu\u010dnosti sta\u017eiranja na podru\u010dju speleobiologije! Kao dio SubBIOCODE projekta, nudimo jedinstvenu mogu\u0107nost visoko motiviranim studentima, znanstvenicima na po\u010detku karijere ili istra\u017eiva\u010dima na podru\u010dju za\u0161tite prirode iz Bosne i Hercegovine, da posjete SubBioLab u sije\u010dnju 2022 i pridobiju vje\u0161tine potrebne u za\u0161titi prirode, to jest na&hellip;\" \/>\r\n<meta property=\"og:url\" content=\"https:\/\/subbiocode.net\/internship-opportunity\/\" \/>\r\n<meta property=\"og:site_name\" content=\"SubBioCode\" \/>\r\n<meta property=\"article:modified_time\" content=\"2021-11-26T17:21:29+00:00\" \/>\r\n<meta name=\"twitter:card\" content=\"summary_large_image\" \/>\r\n<meta name=\"twitter:label1\" content=\"Est. reading time\" \/>\n\t<meta name=\"twitter:data1\" content=\"3 minute\" \/>\r\n<script type=\"application\/ld+json\" class=\"yoast-schema-graph\">{\"@context\":\"https:\/\/schema.org\",\"@graph\":[{\"@type\":\"Organization\",\"@id\":\"https:\/\/subbiocode.net\/#organization\",\"name\":\"SubBIOCODE\",\"url\":\"https:\/\/subbiocode.net\/\",\"sameAs\":[],\"logo\":{\"@type\":\"ImageObject\",\"@id\":\"https:\/\/subbiocode.net\/#logo\",\"inLanguage\":\"bs-BA\",\"url\":\"https:\/\/mluhpbw7dutn.i.optimole.com\/f9a9PpI-FbyqxaBE\/w:auto\/h:auto\/q:auto\/http:\/\/subbiocode.net\/wp-content\/uploads\/2020\/06\/cropped-faviocn.png\",\"contentUrl\":\"https:\/\/mluhpbw7dutn.i.optimole.com\/f9a9PpI-FbyqxaBE\/w:auto\/h:auto\/q:auto\/http:\/\/subbiocode.net\/wp-content\/uploads\/2020\/06\/cropped-faviocn.png\",\"width\":512,\"height\":512,\"caption\":\"SubBIOCODE\"},\"image\":{\"@id\":\"https:\/\/subbiocode.net\/#logo\"}},{\"@type\":\"WebSite\",\"@id\":\"https:\/\/subbiocode.net\/#website\",\"url\":\"https:\/\/subbiocode.net\/\",\"name\":\"SubBioCode\",\"description\":\"Developing new tools for rapid assessment of subteranean biodiversity\",\"publisher\":{\"@id\":\"https:\/\/subbiocode.net\/#organization\"},\"potentialAction\":[{\"@type\":\"SearchAction\",\"target\":{\"@type\":\"EntryPoint\",\"urlTemplate\":\"https:\/\/subbiocode.net\/?s={search_term_string}\"},\"query-input\":\"required name=search_term_string\"}],\"inLanguage\":\"bs-BA\"},{\"@type\":\"WebPage\",\"@id\":\"https:\/\/subbiocode.net\/internship-opportunity\/#webpage\",\"url\":\"https:\/\/subbiocode.net\/internship-opportunity\/\",\"name\":\"[:en]INTERNSHIP OPPORTUNITY![:bs]Prilika za sta\\u017eiranje![:sr]\\u041f\\u0440\\u0438\\u043b\\u0438\\u043a\\u0430 \\u0437\\u0430 \\u043f\\u0440\\u0430\\u043a\\u0441\\u0443![:] - SubBioCode\",\"isPartOf\":{\"@id\":\"https:\/\/subbiocode.net\/#website\"},\"datePublished\":\"2021-11-03T17:17:42+00:00\",\"dateModified\":\"2021-11-26T17:21:29+00:00\",\"breadcrumb\":{\"@id\":\"https:\/\/subbiocode.net\/internship-opportunity\/#breadcrumb\"},\"inLanguage\":\"bs-BA\",\"potentialAction\":[{\"@type\":\"ReadAction\",\"target\":[\"https:\/\/subbiocode.net\/internship-opportunity\/\"]}]},{\"@type\":\"BreadcrumbList\",\"@id\":\"https:\/\/subbiocode.net\/internship-opportunity\/#breadcrumb\",\"itemListElement\":[{\"@type\":\"ListItem\",\"position\":1,\"name\":\"Home\",\"item\":\"http:\/\/subbiocode.net\/sr\/\"},{\"@type\":\"ListItem\",\"position\":2,\"name\":\"INTERNSHIP OPPORTUNITY!\"}]}]}<\/script>\r\n<!-- \/ Yoast SEO plugin. -->","yoast_head_json":{"title":"Prilika za sta\u017eiranje! - SubBioCode","robots":{"index":"index","follow":"follow","max-snippet":"max-snippet:-1","max-image-preview":"max-image-preview:large","max-video-preview":"max-video-preview:-1"},"canonical":"https:\/\/subbiocode.net\/internship-opportunity\/","og_locale":"bs_BA","og_type":"article","og_title":"[:en]INTERNSHIP OPPORTUNITY![:bs]Prilika za sta\u017eiranje![:sr]\u041f\u0440\u0438\u043b\u0438\u043a\u0430 \u0437\u0430 \u043f\u0440\u0430\u043a\u0441\u0443![:] - SubBioCode","og_description":"ZAKLJU\u010cENO Sa zadovoljstvom najavljujemo dvije mogu\u010dnosti sta\u017eiranja na podru\u010dju speleobiologije! Kao dio SubBIOCODE projekta, nudimo jedinstvenu mogu\u0107nost visoko motiviranim studentima, znanstvenicima na po\u010detku karijere ili istra\u017eiva\u010dima na podru\u010dju za\u0161tite prirode iz Bosne i Hercegovine, da posjete SubBioLab u sije\u010dnju 2022 i pridobiju vje\u0161tine potrebne u za\u0161titi prirode, to jest na&hellip;","og_url":"https:\/\/subbiocode.net\/internship-opportunity\/","og_site_name":"SubBioCode","article_modified_time":"2021-11-26T17:21:29+00:00","twitter_card":"summary_large_image","twitter_misc":{"Est. reading time":"3 minute"},"schema":{"@context":"https:\/\/schema.org","@graph":[{"@type":"Organization","@id":"https:\/\/subbiocode.net\/#organization","name":"SubBIOCODE","url":"https:\/\/subbiocode.net\/","sameAs":[],"logo":{"@type":"ImageObject","@id":"https:\/\/subbiocode.net\/#logo","inLanguage":"bs-BA","url":"https:\/\/mluhpbw7dutn.i.optimole.com\/f9a9PpI-FbyqxaBE\/w:auto\/h:auto\/q:auto\/http:\/\/subbiocode.net\/wp-content\/uploads\/2020\/06\/cropped-faviocn.png","contentUrl":"https:\/\/mluhpbw7dutn.i.optimole.com\/f9a9PpI-FbyqxaBE\/w:auto\/h:auto\/q:auto\/http:\/\/subbiocode.net\/wp-content\/uploads\/2020\/06\/cropped-faviocn.png","width":512,"height":512,"caption":"SubBIOCODE"},"image":{"@id":"https:\/\/subbiocode.net\/#logo"}},{"@type":"WebSite","@id":"https:\/\/subbiocode.net\/#website","url":"https:\/\/subbiocode.net\/","name":"SubBioCode","description":"Developing new tools for rapid assessment of subteranean biodiversity","publisher":{"@id":"https:\/\/subbiocode.net\/#organization"},"potentialAction":[{"@type":"SearchAction","target":{"@type":"EntryPoint","urlTemplate":"https:\/\/subbiocode.net\/?s={search_term_string}"},"query-input":"required name=search_term_string"}],"inLanguage":"bs-BA"},{"@type":"WebPage","@id":"https:\/\/subbiocode.net\/internship-opportunity\/#webpage","url":"https:\/\/subbiocode.net\/internship-opportunity\/","name":"[:en]INTERNSHIP OPPORTUNITY![:bs]Prilika za sta\u017eiranje![:sr]\u041f\u0440\u0438\u043b\u0438\u043a\u0430 \u0437\u0430 \u043f\u0440\u0430\u043a\u0441\u0443![:] - SubBioCode","isPartOf":{"@id":"https:\/\/subbiocode.net\/#website"},"datePublished":"2021-11-03T17:17:42+00:00","dateModified":"2021-11-26T17:21:29+00:00","breadcrumb":{"@id":"https:\/\/subbiocode.net\/internship-opportunity\/#breadcrumb"},"inLanguage":"bs-BA","potentialAction":[{"@type":"ReadAction","target":["https:\/\/subbiocode.net\/internship-opportunity\/"]}]},{"@type":"BreadcrumbList","@id":"https:\/\/subbiocode.net\/internship-opportunity\/#breadcrumb","itemListElement":[{"@type":"ListItem","position":1,"name":"Home","item":"http:\/\/subbiocode.net\/sr\/"},{"@type":"ListItem","position":2,"name":"INTERNSHIP OPPORTUNITY!"}]}]}},"_links":{"self":[{"href":"https:\/\/subbiocode.net\/bs\/wp-json\/wp\/v2\/pages\/3697"}],"collection":[{"href":"https:\/\/subbiocode.net\/bs\/wp-json\/wp\/v2\/pages"}],"about":[{"href":"https:\/\/subbiocode.net\/bs\/wp-json\/wp\/v2\/types\/page"}],"author":[{"embeddable":true,"href":"https:\/\/subbiocode.net\/bs\/wp-json\/wp\/v2\/users\/3"}],"replies":[{"embeddable":true,"href":"https:\/\/subbiocode.net\/bs\/wp-json\/wp\/v2\/comments?post=3697"}],"version-history":[{"count":43,"href":"https:\/\/subbiocode.net\/bs\/wp-json\/wp\/v2\/pages\/3697\/revisions"}],"predecessor-version":[{"id":3809,"href":"https:\/\/subbiocode.net\/bs\/wp-json\/wp\/v2\/pages\/3697\/revisions\/3809"}],"wp:attachment":[{"href":"https:\/\/subbiocode.net\/bs\/wp-json\/wp\/v2\/media?parent=3697"}],"curies":[{"name":"wp","href":"https:\/\/api.w.org\/{rel}","templated":true}]}}